{"id":752,"date":"2018-02-09T21:11:46","date_gmt":"2018-02-09T21:11:46","guid":{"rendered":"https:\/\/www.manunor.com\/politique-de-confidentialite"},"modified":"2023-11-07T16:53:17","modified_gmt":"2023-11-07T16:53:17","slug":"politique-de-confidentialite","status":"publish","type":"page","link":"https:\/\/www.manunor.com\/fr\/politique-de-confidentialite\/","title":{"rendered":"Politique de confidentialit\u00e9"},"content":{"rendered":"<h2 id=\"mf49\">Introduction<\/h2>\n<p>Devant le d\u00e9veloppement des nouveaux outils de communication, il est n\u00e9cessaire de porter une attention particuli\u00e8re \u00e0 la protection de la vie priv\u00e9e. C\u2019est pourquoi, nous nous engageons \u00e0\u00a0respecter la confidentialit\u00e9 des renseignements personnels que nous collectons.<\/p>\n<hr id=\"mf51\" \/>\n<h2 id=\"mf52\">Collecte des renseignements personnels<\/h2>\n<p>Nous collectons les renseignements suivants:<\/p>\n<ul id=\"mf54\">\n<li id=\"mf55\">Nom<\/li>\n<li id=\"mf56\">Pr\u00e9nom<\/li>\n<li id=\"mf57\">Adresse \u00e9lectronique<\/li>\n<li id=\"mf58\">Num\u00e9ro de t\u00e9l\u00e9phone \/ t\u00e9l\u00e9copieur<\/li>\n<\/ul>\n<p>Les renseignements personnels que nous collectons sont recueillis au travers de formulaires et gr\u00e2ce \u00e0 l\u2019interactivit\u00e9 \u00e9tablie entre vous et notre site Web. Nous utilisons \u00e9galement, comme indiqu\u00e9 dans la section suivante, des fichiers t\u00e9moins et\/ou journaux pour r\u00e9unir des informations vous concernant.<\/p>\n<hr id=\"mf60\" \/>\n<h2 id=\"mf61\">Formulaires et interactivit\u00e9<\/h2>\n<p>Vos renseignements personnels sont collect\u00e9s par le biais de formulaire, \u00e0 savoir:<br \/>\nNous utilisons les renseignements ainsi collect\u00e9s pour les finalit\u00e9s suivantes:<\/p>\n<ul id=\"mf64\">\n<li id=\"mf65\">Contact<\/li>\n<\/ul>\n<p>Vos renseignements sont \u00e9galement collect\u00e9s par le biais de l\u2019interactivit\u00e9 pouvant s\u2019\u00e9tablir entre vous et notre site Web et ce, de la fa\u00e7on suivante:<\/p>\n<ul id=\"mf67\">\n<li id=\"mf68\">Contact<\/li>\n<\/ul>\n<hr id=\"mf70\" \/>\n<h2 id=\"mf71\">Droit d&rsquo;opposition et de retrait<\/h2>\n<p>Nous nous engageons \u00e0 vous offrir un droit d\u2019opposition et de retrait quant \u00e0 vos renseignements personnels.<br id=\"mf73\" \/>Le droit d\u2019\u0092opposition s\u2019\u0092entend comme \u00e9tant la possibilit\u00e9 offerte aux internautes de refuser que leurs renseignements personnels soient utilis\u00e9s \u00e0 certaines fins mentionn\u00e9es lors de la collecte.<br \/>\nLe droit de retrait s\u2019entend comme \u00e9tant la possibilit\u00e9 offerte aux internautes de demander \u00e0 ce que leurs renseignements personnels ne figurent plus, par exemple, dans une liste de diffusion.<br \/>\nPour pouvoir exercer ces droits, vous pouvez:<br id=\"mf77\" \/>Contacter M. Patrick Bisson, d\u00e9l\u00e9gu\u00e9 \u00e0 la protection des donn\u00e9es.<br \/>\nT\u00e9l\u00e9phone: 1 877 846 1903<\/p>\n<hr id=\"mf79\" \/>\n<h2 id=\"mf80\">Droit d&rsquo;acc\u00e8s<\/h2>\n<p>Nous nous engageons \u00e0 reconna\u00eetre un droit d\u2019acc\u00e8s et de rectification aux personnes concern\u00e9es d\u00e9sireuses de consulter, modifier, voire radier les informations les concernant.<br id=\"mf82\" \/>L\u2019exercice de ce droit se fera:<br id=\"mf84\" \/>Contacter M. Patrick Bisson, d\u00e9l\u00e9gu\u00e9 \u00e0 la protection des donn\u00e9es.<br \/>\nT\u00e9l\u00e9phone: 1 877 846 1903<\/p>\n<hr id=\"mf86\" \/>\n<h2 id=\"mf87\">S\u00e9curit\u00e9<\/h2>\n<p>Les renseignements personnels que nous collectons sont conserv\u00e9s dans un environnement s\u00e9curis\u00e9. Les personnes travaillant pour nous sont tenues de respecter la confidentialit\u00e9 de vos informations.<br id=\"mf89\" \/>Pour assurer la s\u00e9curit\u00e9 de vos renseignements personnels, nous avons recours aux mesures suivantes:<\/p>\n<ul id=\"mf90\">\n<li id=\"mf91\">Sauvegarde informatique<\/li>\n<\/ul>\n<p>Nous nous engageons \u00e0 maintenir un haut degr\u00e9 de confidentialit\u00e9 en int\u00e9grant les derni\u00e8res innovations technologiques permettant d\u2019assurer la confidentialit\u00e9 de vos transactions. Toutefois, comme aucun m\u00e9canisme n\u2019offre une s\u00e9curit\u00e9 maximale, une part de risque est toujours pr\u00e9sente lorsque l\u2019on utilise Internet pour transmettre des renseignements personnels.<\/p>\n","protected":false},"excerpt":{"rendered":"<p>Introduction Devant le d\u00e9veloppement des nouveaux outils de communication, il est n\u00e9cessaire de porter une attention particuli\u00e8re \u00e0 la protection de la vie priv\u00e9e. C\u2019est pourquoi, nous nous engageons \u00e0\u00a0respecter la confidentialit\u00e9 des renseignements personnels que nous collectons. Collecte des renseignements personnels Nous collectons les renseignements suivants: Nom Pr\u00e9nom Adresse \u00e9lectronique Num\u00e9ro de t\u00e9l\u00e9phone \/ [&hellip;]<\/p>\n","protected":false},"author":6,"featured_media":0,"parent":0,"menu_order":0,"comment_status":"closed","ping_status":"closed","template":"","meta":{"_acf_changed":false,"footnotes":""},"class_list":["post-752","page","type-page","status-publish","hentry"],"acf":[],"yoast_head":"<!-- This site is optimized with the Yoast SEO plugin v24.5 - https:\/\/yoast.com\/wordpress\/plugins\/seo\/ -->\n<title>Politique de confidentialit\u00e9 - Manunor<\/title>\n<meta name=\"robots\" content=\"index, follow, max-snippet:-1, max-image-preview:large, max-video-preview:-1\" \/>\n<link rel=\"canonical\" href=\"https:\/\/www.manunor.com\/politique-de-confidentialite\/\" \/>\n<meta property=\"og:locale\" content=\"fr_FR\" \/>\n<meta property=\"og:type\" content=\"article\" \/>\n<meta property=\"og:title\" content=\"Politique de confidentialit\u00e9 - Manunor\" \/>\n<meta property=\"og:description\" content=\"Introduction Devant le d\u00e9veloppement des nouveaux outils de communication, il est n\u00e9cessaire de porter une attention particuli\u00e8re \u00e0 la protection de la vie priv\u00e9e. C\u2019est pourquoi, nous nous engageons \u00e0\u00a0respecter la confidentialit\u00e9 des renseignements personnels que nous collectons. Collecte des renseignements personnels Nous collectons les renseignements suivants: Nom Pr\u00e9nom Adresse \u00e9lectronique Num\u00e9ro de t\u00e9l\u00e9phone \/ [&hellip;]\" \/>\n<meta property=\"og:url\" content=\"https:\/\/www.manunor.com\/politique-de-confidentialite\/\" \/>\n<meta property=\"og:site_name\" content=\"Manunor\" \/>\n<meta property=\"article:modified_time\" content=\"2023-11-07T16:53:17+00:00\" \/>\n<meta name=\"twitter:card\" content=\"summary_large_image\" \/>\n<meta name=\"twitter:label1\" content=\"Dur\u00e9e de lecture estim\u00e9e\" \/>\n\t<meta name=\"twitter:data1\" content=\"2 minutes\" \/>\n<script type=\"application\/ld+json\" class=\"yoast-schema-graph\">{\"@context\":\"https:\/\/schema.org\",\"@graph\":[{\"@type\":\"WebPage\",\"@id\":\"https:\/\/www.manunor.com\/politique-de-confidentialite\/\",\"url\":\"https:\/\/www.manunor.com\/politique-de-confidentialite\/\",\"name\":\"Politique de confidentialit\u00e9 - Manunor\",\"isPartOf\":{\"@id\":\"https:\/\/www.manunor.com\/#website\"},\"datePublished\":\"2018-02-09T21:11:46+00:00\",\"dateModified\":\"2023-11-07T16:53:17+00:00\",\"breadcrumb\":{\"@id\":\"https:\/\/www.manunor.com\/politique-de-confidentialite\/#breadcrumb\"},\"inLanguage\":\"fr-FR\",\"potentialAction\":[{\"@type\":\"ReadAction\",\"target\":[\"https:\/\/www.manunor.com\/politique-de-confidentialite\/\"]}]},{\"@type\":\"BreadcrumbList\",\"@id\":\"https:\/\/www.manunor.com\/politique-de-confidentialite\/#breadcrumb\",\"itemListElement\":[{\"@type\":\"ListItem\",\"position\":1,\"name\":\"Accueil\",\"item\":\"https:\/\/www.manunor.com\/\"},{\"@type\":\"ListItem\",\"position\":2,\"name\":\"Politique de confidentialit\u00e9\"}]},{\"@type\":\"WebSite\",\"@id\":\"https:\/\/www.manunor.com\/#website\",\"url\":\"https:\/\/www.manunor.com\/\",\"name\":\"Manunor\",\"description\":\"\",\"potentialAction\":[{\"@type\":\"SearchAction\",\"target\":{\"@type\":\"EntryPoint\",\"urlTemplate\":\"https:\/\/www.manunor.com\/?s={search_term_string}\"},\"query-input\":{\"@type\":\"PropertyValueSpecification\",\"valueRequired\":true,\"valueName\":\"search_term_string\"}}],\"inLanguage\":\"fr-FR\"}]}<\/script>\n<!-- \/ Yoast SEO plugin. -->","yoast_head_json":{"title":"Politique de confidentialit\u00e9 - Manunor","robots":{"index":"index","follow":"follow","max-snippet":"max-snippet:-1","max-image-preview":"max-image-preview:large","max-video-preview":"max-video-preview:-1"},"canonical":"https:\/\/www.manunor.com\/politique-de-confidentialite\/","og_locale":"fr_FR","og_type":"article","og_title":"Politique de confidentialit\u00e9 - Manunor","og_description":"Introduction Devant le d\u00e9veloppement des nouveaux outils de communication, il est n\u00e9cessaire de porter une attention particuli\u00e8re \u00e0 la protection de la vie priv\u00e9e. C\u2019est pourquoi, nous nous engageons \u00e0\u00a0respecter la confidentialit\u00e9 des renseignements personnels que nous collectons. Collecte des renseignements personnels Nous collectons les renseignements suivants: Nom Pr\u00e9nom Adresse \u00e9lectronique Num\u00e9ro de t\u00e9l\u00e9phone \/ [&hellip;]","og_url":"https:\/\/www.manunor.com\/politique-de-confidentialite\/","og_site_name":"Manunor","article_modified_time":"2023-11-07T16:53:17+00:00","twitter_card":"summary_large_image","twitter_misc":{"Dur\u00e9e de lecture estim\u00e9e":"2 minutes"},"schema":{"@context":"https:\/\/schema.org","@graph":[{"@type":"WebPage","@id":"https:\/\/www.manunor.com\/politique-de-confidentialite\/","url":"https:\/\/www.manunor.com\/politique-de-confidentialite\/","name":"Politique de confidentialit\u00e9 - Manunor","isPartOf":{"@id":"https:\/\/www.manunor.com\/#website"},"datePublished":"2018-02-09T21:11:46+00:00","dateModified":"2023-11-07T16:53:17+00:00","breadcrumb":{"@id":"https:\/\/www.manunor.com\/politique-de-confidentialite\/#breadcrumb"},"inLanguage":"fr-FR","potentialAction":[{"@type":"ReadAction","target":["https:\/\/www.manunor.com\/politique-de-confidentialite\/"]}]},{"@type":"BreadcrumbList","@id":"https:\/\/www.manunor.com\/politique-de-confidentialite\/#breadcrumb","itemListElement":[{"@type":"ListItem","position":1,"name":"Accueil","item":"https:\/\/www.manunor.com\/"},{"@type":"ListItem","position":2,"name":"Politique de confidentialit\u00e9"}]},{"@type":"WebSite","@id":"https:\/\/www.manunor.com\/#website","url":"https:\/\/www.manunor.com\/","name":"Manunor","description":"","potentialAction":[{"@type":"SearchAction","target":{"@type":"EntryPoint","urlTemplate":"https:\/\/www.manunor.com\/?s={search_term_string}"},"query-input":{"@type":"PropertyValueSpecification","valueRequired":true,"valueName":"search_term_string"}}],"inLanguage":"fr-FR"}]}},"_links":{"self":[{"href":"https:\/\/www.manunor.com\/fr\/wp-json\/wp\/v2\/pages\/752","targetHints":{"allow":["GET"]}}],"collection":[{"href":"https:\/\/www.manunor.com\/fr\/wp-json\/wp\/v2\/pages"}],"about":[{"href":"https:\/\/www.manunor.com\/fr\/wp-json\/wp\/v2\/types\/page"}],"author":[{"embeddable":true,"href":"https:\/\/www.manunor.com\/fr\/wp-json\/wp\/v2\/users\/6"}],"replies":[{"embeddable":true,"href":"https:\/\/www.manunor.com\/fr\/wp-json\/wp\/v2\/comments?post=752"}],"version-history":[{"count":6,"href":"https:\/\/www.manunor.com\/fr\/wp-json\/wp\/v2\/pages\/752\/revisions"}],"predecessor-version":[{"id":6014,"href":"https:\/\/www.manunor.com\/fr\/wp-json\/wp\/v2\/pages\/752\/revisions\/6014"}],"wp:attachment":[{"href":"https:\/\/www.manunor.com\/fr\/wp-json\/wp\/v2\/media?parent=752"}],"curies":[{"name":"wp","href":"https:\/\/api.w.org\/{rel}","templated":true}]}}